{"id":8,"date":"2020-06-18T17:00:29","date_gmt":"2020-06-18T15:00:29","guid":{"rendered":"http:\/\/info.parciparla.ovh\/?page_id=8"},"modified":"2022-01-27T17:45:37","modified_gmt":"2022-01-27T16:45:37","slug":"contact","status":"publish","type":"page","link":"https:\/\/info.parciparla.ovh\/?page_id=8","title":{"rendered":"Contact"},"content":{"rendered":"<div class=\"pdfprnt-buttons pdfprnt-buttons-page pdfprnt-top-left\"><a href=\"javascript: imageToPdf(8)\" class=\"pdfprnt-button pdfprnt-button-pdf\" target=\"_self\" ><img decoding=\"async\" src=\"http:\/\/info.parciparla.ovh\/wp-content\/plugins\/pdf-print\/images\/pdf.png\" alt=\"image_pdf\" title=\"Afficher le PDF\" \/><\/a><a href=\"https:\/\/info.parciparla.ovh\/index.php?rest_route=%2Fwp%2Fv2%2Fpages%2F8&print=print\" class=\"pdfprnt-button pdfprnt-button-print\" target=\"_blank\" ><\/a><\/div>\n<p>C\u2019est une page avec des informations de contact de base, comme l\u2019adresse et le num\u00e9ro de t\u00e9l\u00e9phone. Vous pouvez aussi essayer une extension pour ajouter un formulaire de contact.<\/p>\n","protected":false},"excerpt":{"rendered":"<p>C\u2019est une page avec des informations de contact de base, comme l\u2019adresse et le num\u00e9ro de t\u00e9l\u00e9phone. Vous pouvez aussi essayer une extension pour ajouter [&#8230;]<\/p>\n","protected":false},"author":1,"featured_media":0,"parent":0,"menu_order":0,"comment_status":"closed","ping_status":"closed","template":"","meta":{"footnotes":""},"class_list":["post-8","page","type-page","status-publish","hentry"],"_links":{"self":[{"href":"https:\/\/info.parciparla.ovh\/index.php?rest_route=\/wp\/v2\/pages\/8","targetHints":{"allow":["GET"]}}],"collection":[{"href":"https:\/\/info.parciparla.ovh\/index.php?rest_route=\/wp\/v2\/pages"}],"about":[{"href":"https:\/\/info.parciparla.ovh\/index.php?rest_route=\/wp\/v2\/types\/page"}],"author":[{"embeddable":true,"href":"https:\/\/info.parciparla.ovh\/index.php?rest_route=\/wp\/v2\/users\/1"}],"replies":[{"embeddable":true,"href":"https:\/\/info.parciparla.ovh\/index.php?rest_route=%2Fwp%2Fv2%2Fcomments&post=8"}],"version-history":[{"count":3,"href":"https:\/\/info.parciparla.ovh\/index.php?rest_route=\/wp\/v2\/pages\/8\/revisions"}],"predecessor-version":[{"id":131,"href":"https:\/\/info.parciparla.ovh\/index.php?rest_route=\/wp\/v2\/pages\/8\/revisions\/131"}],"wp:attachment":[{"href":"https:\/\/info.parciparla.ovh\/index.php?rest_route=%2Fwp%2Fv2%2Fmedia&parent=8"}],"curies":[{"name":"wp","href":"https:\/\/api.w.org\/{rel}","templated":true}]}}